{"id":122,"date":"2016-03-21T12:13:43","date_gmt":"2016-03-21T12:13:43","guid":{"rendered":"http:\/\/www.ec.tuwien.ac.at\/rectour2016\/?page_id=122"},"modified":"2016-09-18T03:20:42","modified_gmt":"2016-09-18T03:20:42","slug":"program","status":"publish","type":"page","link":"http:\/\/www.ec.tuwien.ac.at\/rectour2016\/program\/","title":{"rendered":"Program"},"content":{"rendered":"<h4>Workshop Schedule<\/h4>\n<h4><strong>9:00 &#8211; 10:30 Session 1<\/strong><\/h4>\n<ul>\n<li><strong>9:00 &#8211; 9:15<\/strong> <strong><a href=\"http:\/\/www.ec.tuwien.ac.at\/rectour2016\/wp-content\/uploads\/Opening_RecTour2016.pdf\" target=\"_blank\">Workshop opening and motivation<\/a><\/strong><\/li>\n<li><strong>9:15 &#8211; 10:00<\/strong> <strong>Keynote <em><a href=\"http:\/\/www.ec.tuwien.ac.at\/rectour2016\/wp-content\/uploads\/Werthner_Keynote_RecTour2016.pdf\" target=\"_blank\">E-tourism: History and Challenges<\/a><\/em> by <a href=\"http:\/\/www.ec.tuwien.ac.at\/rectour2016\/keynote\/\">Hannes Werthner<\/a><\/strong><a href=\"http:\/\/www.ec.tuwien.ac.at\/rectour2016\/keynote\/\" target=\"_blank\">\u00a0<\/a><\/li>\n<li><strong>10:00 &#8211; 10:30<\/strong> <strong>Research papers: Context-aware recommender systems I\u00a0<\/strong>\n<ul>\n<li>Mesut Kaya and Derek Bridge: <em><a href=\"http:\/\/www.ec.tuwien.ac.at\/rectour2016\/kaya_bridge\/\">Improved Recommendation of Photo-Taking Locations using Virtual Ratings<\/a>.<\/em><\/li>\n<\/ul>\n<\/li>\n<\/ul>\n<h4><strong>10:30 &#8211; 11:00 Coffee break<\/strong><\/h4>\n<h4><strong>11:00 &#8211; 12:30 Session 2<\/strong><\/h4>\n<ul>\n<li><strong>11:00 &#8211; 12:30: \u00a0Research papers: Context-aware recommender systems II<\/strong>\n<ul>\n<li>Patrick Hiesel, Matthias Braunhofer and Wolfgang W\u00f6rndl: <em><a href=\"http:\/\/www.ec.tuwien.ac.at\/rectour2016\/hiesel_etal\/\">Learning the Popularity of Items for Mobile Tourist Guides<\/a>.<\/em><\/li>\n<li>Christoph Trattner, Alexander Oberegger, Lukas Eberhard, Denis Parra and Leandro Balby Marinho: <em><a href=\"http:\/\/www.ec.tuwien.ac.at\/rectour2016\/trattner_etal\/\">Understanding the Impact of Weather for POI Recommendations<\/a>.<\/em><\/li>\n<li>Khadija Vakeel and Sanjog Ray: <em><a href=\"http:\/\/www.ec.tuwien.ac.at\/rectour2016\/vakeel_ray\/\">A Motivation-Aware Approach for Point of Interest Recommendations<\/a>.<\/em><\/li>\n<\/ul>\n<\/li>\n<\/ul>\n<h4><strong style=\"color: #444444; font-family: Oswald, Arial, Helvetica, sans-serif; font-size: 16px; line-height: 19.200000762939453px;\">12:30 &#8211; 14:00<\/strong> Lunch break<\/h4>\n<h4><strong>14:00 &#8211; 15:30<\/strong> <strong>Session 3<\/strong><\/h4>\n<ul>\n<li><strong>14:00 &#8211; 15:00<\/strong> <strong>Research papers:\u00a0Advanced topics in tourism recommender systems<\/strong>\n<ul>\n<li><span style=\"line-height: 1.5;\">Amra Delic, Julia Neidhardt, Thuy Ngoc Nguyen and Francesco Ricci: <\/span><em style=\"line-height: 1.5;\"><a href=\"http:\/\/www.ec.tuwien.ac.at\/rectour2016\/delic_etal\/\">Research Methods for Group Recommender Systems<\/a>.<\/em><\/li>\n<li>Paula Saavedra, Pablo Barreiro, Roi Dur\u00e1n, Rosa Crujeiras, Mar\u00eda Loureiro and Eduardo S\u00e1nchez Vila:<em>\u00a0<a href=\"http:\/\/www.ec.tuwien.ac.at\/rectour2016\/sanchez-vila\/\">Choice-based recommender systems<\/a>.<\/em><\/li>\n<\/ul>\n<\/li>\n<li><strong>15:00 &#8211; 15:30 Demo papers: Event recommendations<\/strong>\n<ul>\n<li>Stacey Donohue, Nevena Dragovic and Maria Soledad Pera: <em><a href=\"http:\/\/www.ec.tuwien.ac.at\/rectour2016\/donohue_etal\/\">Anything Fun Going On? A Simple Wizard to Avoid the Cold-Start Problem for Event Recommenders<\/a>.<\/em><\/li>\n<li>Sean MacLachlan, Nevena Dragovic, Stacey Donohue and Maria Soledad Pera: <em><a href=\"http:\/\/www.ec.tuwien.ac.at\/rectour2016\/maclachlan_etal\/\">\u201cOne Size Doesn\u2019t Fit All\u201d: Helping Users Find Events from Multiple Perspectives<\/a>.<\/em><\/li>\n<\/ul>\n<\/li>\n<\/ul>\n<h4><strong style=\"color: #444444; font-family: Oswald, Arial, Helvetica, sans-serif; font-size: 16px; line-height: 19.200000762939453px;\">15:30 &#8211; 16:00<\/strong>\u00a0Demo session\/Coffee break<\/h4>\n<h4><strong>16:00 &#8211; 17:30<\/strong> <strong>Session 4<\/strong><\/h4>\n<ul>\n<li><strong>16:00 &#8211; 16:45<\/strong> <strong>Position papers: Further research\u00a0challenges\u00a0<\/strong>\n<ul>\n<li>Jan Fabian Ehmke, Dirk Christian Mattfeld and Linda Albrecht: <em><a href=\"http:\/\/www.ec.tuwien.ac.at\/rectour2016\/ehmke_etal\/\">Combining Mobility Services by Customer-Induced Orchestration<\/a>.<\/em><\/li>\n<li>Daniel Herzog and Wolfgang W\u00f6rndl: <em><a href=\"http:\/\/www.ec.tuwien.ac.at\/rectour2016\/herzog_woerndl\/\">Exploiting Item Dependencies to Improve Tourist Trip Recommendations<\/a>.<\/em><\/li>\n<li>Manoj Reddy Dareddy: <em><a href=\"http:\/\/www.ec.tuwien.ac.at\/rectour2016\/dareddy\/\">Challenges in Recommender Systems for Tourism<\/a>.<\/em><\/li>\n<\/ul>\n<\/li>\n<li><strong>16:45 &#8211; 17:30<\/strong> <strong>Panel discussion and workshop summary<\/strong>\n<ul>\n<li>Panel discussion: <em>Specific challenges for recommender systems in the tourism domain.\u00a0<\/em>\n<ul>\n<li><a href=\"http:\/\/trsm.hhp.ufl.edu\/index.php\/about\/who-we-are\/department-directory\/daniel-fesenmaier-ph-d\/\" target=\"_blank\">Daniel Fesenmaier<\/a>,\u00a0University of Florida, USA<\/li>\n<li><a href=\"http:\/\/www.ec.tuwien.ac.at\/~werthner\/\" target=\"_blank\">Hannes Werthner<\/a>, TU Wien, Austria<\/li>\n<li><a href=\"http:\/\/www.cm.in.tum.de\/en\/research-group\/wolfgang-woerndl\/\" target=\"_blank\">Wolfgang W\u00f6rndl<\/a>, Technische Universit\u00e4t M\u00fcnchen, Germany<\/li>\n<\/ul>\n<\/li>\n<\/ul>\n<\/li>\n<\/ul>\n<h4>Types of contributions:<\/h4>\n<ul>\n<li><strong>Research paper<\/strong>: The presentation length of a research paper is 20 minutes. After that, there will be time for discussion (approximately 10 minutes).<\/li>\n<li><strong>Demo paper<\/strong>: The authors of a demo paper will introduce their system to the audience in session 3. These presentations should not exceed 10 minutes, with a short discussion (approximately 5 minutes) directly afterwards. In the coffee break after session 3, the workshop participants have the opportunity to interact with the introduced systems.<\/li>\n<li><strong>Position paper<\/strong>: The position papers provide the basis for the panel discussion in session 4. The authors of such a paper will present background and motivation of their contribution, phrase specific challenges and outline important future research directions.\u00a0These presentations should not exceed 10 minutes, with a short discussion (approximately 5 minutes) directly afterwards.<\/li>\n<\/ul>\n<h3>Location<\/h3>\n<p>ACM RecSys 2016\u00a0and the workshops held in conjunction with the conference will take place at the Massachusetts Institute of Technology (MIT) and IBM Research in Cambridge, MA, USA. The\u00a0RecTour workshop will take place at <a href=\"https:\/\/recsys.acm.org\/recsys16\/location-ibm\/?from=location\" target=\"_blank\">IBM Research<\/a>\u00a0(Room 2224).<\/p>\n<p>The workshop proceedings have been published online by\u00a0by CEUR Workshop Proceedings (<a href=\"http:\/\/ceur-ws.org\/Vol-1685\/\" target=\"_blank\"><span class=\"CEURVOLNR\">Vol-1685<\/span><\/a>). They\u00a0can also be downloaded <a href=\"http:\/\/www.ec.tuwien.ac.at\/rectour2016\/wp-content\/uploads\/RecTour2016_Proceedings.pdf\" target=\"_blank\" rel=\"\">here<\/a>\u00a0in a\u00a0single PDF file (8 MB).<\/p>\n","protected":false},"excerpt":{"rendered":"<p>Workshop Schedule 9:00 &#8211; 10:30 Session 1 9:00 &#8211; 9:15 Workshop opening and motivation 9:15 &#8211; 10:00 Keynote E-tourism: History and Challenges by Hannes Werthner\u00a0 10:00 &#8211; 10:30 Research papers: Context-aware recommender systems I\u00a0 Mesut Kaya and Derek Bridge: Improved&#8230;<br \/><a class=\"read-more-button\" href=\"http:\/\/www.ec.tuwien.ac.at\/rectour2016\/program\/\">Read more<\/a><\/p>\n","protected":false},"author":2,"featured_media":0,"parent":0,"menu_order":0,"comment_status":"closed","ping_status":"closed","template":"","meta":{"footnotes":""},"class_list":["post-122","page","type-page","status-publish","hentry"],"_links":{"self":[{"href":"http:\/\/www.ec.tuwien.ac.at\/rectour2016\/wp-json\/wp\/v2\/pages\/122","targetHints":{"allow":["GET"]}}],"collection":[{"href":"http:\/\/www.ec.tuwien.ac.at\/rectour2016\/wp-json\/wp\/v2\/pages"}],"about":[{"href":"http:\/\/www.ec.tuwien.ac.at\/rectour2016\/wp-json\/wp\/v2\/types\/page"}],"author":[{"embeddable":true,"href":"http:\/\/www.ec.tuwien.ac.at\/rectour2016\/wp-json\/wp\/v2\/users\/2"}],"replies":[{"embeddable":true,"href":"http:\/\/www.ec.tuwien.ac.at\/rectour2016\/wp-json\/wp\/v2\/comments?post=122"}],"version-history":[{"count":41,"href":"http:\/\/www.ec.tuwien.ac.at\/rectour2016\/wp-json\/wp\/v2\/pages\/122\/revisions"}],"predecessor-version":[{"id":368,"href":"http:\/\/www.ec.tuwien.ac.at\/rectour2016\/wp-json\/wp\/v2\/pages\/122\/revisions\/368"}],"wp:attachment":[{"href":"http:\/\/www.ec.tuwien.ac.at\/rectour2016\/wp-json\/wp\/v2\/media?parent=122"}],"curies":[{"name":"wp","href":"https:\/\/api.w.org\/{rel}","templated":true}]}}