{"id":101,"date":"2017-07-28T11:44:16","date_gmt":"2017-07-28T11:44:16","guid":{"rendered":"http:\/\/www.ec.tuwien.ac.at\/rectour2017\/?page_id=101"},"modified":"2017-08-31T22:31:18","modified_gmt":"2017-08-31T22:31:18","slug":"accepted-papers","status":"publish","type":"page","link":"https:\/\/www.ec.tuwien.ac.at\/rectour2017\/accepted-papers\/","title":{"rendered":"Accepted Papers"},"content":{"rendered":"<h3>Long Papers<\/h3>\n<ul>\n<li>Enrico Palumbo, Giuseppe Rizzo, Rapha\u00ebl Troncy and Elena Baralis:\u00a0<em>Predicting Your Next Stop-over from Location-based Social Network Data with Recurrent Neural Networks.<\/em>\u00a0[<a href=\"http:\/\/ceur-ws.org\/Vol-1906\/paper1.pdf\" target=\"_blank\" rel=\"noopener\">Paper<\/a>] [<a href=\"http:\/\/www.ec.tuwien.ac.at\/rectour2017\/wp-content\/uploads\/2017\/08\/RecTour2017_Palumbo.pdf\">Slides<\/a>]<\/li>\n<li>Victor Anthony Arrascue Ayala, Kemal Cagin G\u00fclsen, Anas Alzogbi, Michael F\u00e4rber, Marco Mu\u00f1iz and Georg Lausen:\u00a0<em>A Delay-Robust Touristic Plan Recommendation Using Real-World Public Transportation Information.\u00a0<\/em>[<a href=\"http:\/\/ceur-ws.org\/Vol-1906\/paper2.pdf\" target=\"_blank\" rel=\"noopener\">Paper<\/a>] [<a href=\"http:\/\/www.ec.tuwien.ac.at\/rectour2017\/wp-content\/uploads\/2017\/08\/RecTour2017_Arrascue_Ayala.pdf\">Slides<\/a>]<\/li>\n<li>Christopher La\u00df, Daniel Herzog and Wolfgang W\u00f6rndl:\u00a0<em>Context-Aware Tourist Trip Recommendations.\u00a0<\/em>[<a href=\"http:\/\/ceur-ws.org\/Vol-1906\/paper3.pdf\" target=\"_blank\" rel=\"noopener\">Paper<\/a>]<\/li>\n<\/ul>\n<h3>Short Papers<\/h3>\n<ul>\n<li>Gunjan Kumar, Houssem Jerbi and Michael O&#8217;Mahony:\u00a0<em>Towards the Recommendation of Personalised Activity Sequences in the Tourism Domain.<\/em>\u00a0[<a href=\"http:\/\/ceur-ws.org\/Vol-1906\/paper4.pdf\" target=\"_blank\" rel=\"noopener\">Paper<\/a>] [<a href=\"http:\/\/www.ec.tuwien.ac.at\/rectour2017\/wp-content\/uploads\/2017\/08\/RecTour2017_Kumar.pdf\">Slides<\/a>]<\/li>\n<li>Diana Nurbakova, L\u00e9a Laporte, Sylvie Calabretto and Jerome Gensel:\u00a0<em>Itinerary Recommendation for Cruises: User Study.\u00a0<\/em>[<a href=\"http:\/\/ceur-ws.org\/Vol-1906\/paper5.pdf\" target=\"_blank\" rel=\"noopener\">Paper<\/a>] [<a href=\"http:\/\/www.ec.tuwien.ac.at\/rectour2017\/wp-content\/uploads\/2017\/08\/RecTour2017_Nurbakova.pdf\">Slides<\/a>]<\/li>\n<li>Catalin-Mihai Barbu and J\u00fcrgen Ziegler:\u00a0<em>Co-Staying: A Social Network for Increasing the Trustworthiness of Hotel Recommendations.\u00a0<\/em>[<a href=\"http:\/\/ceur-ws.org\/Vol-1906\/paper6.pdf\" target=\"_blank\" rel=\"noopener\">Paper<\/a>] [<a href=\"http:\/\/www.ec.tuwien.ac.at\/rectour2017\/wp-content\/uploads\/2017\/08\/RecTour2017_Barbu.pdf\" target=\"_blank\" rel=\"noopener\">Slides<\/a>]<\/li>\n<\/ul>\n<h3>Position Papers<\/h3>\n<ul>\n<li>Tom Gross:\u00a0<em>Group Recommender Systems in Tourism: From Predictions to Decisions.<\/em><em>\u00a0<\/em>[<a href=\"http:\/\/ceur-ws.org\/Vol-1906\/paper7.pdf\" target=\"_blank\" rel=\"noopener\">Paper<\/a>]<\/li>\n<\/ul>\n<p>The workshop proceedings have been published online by\u00a0by CEUR Workshop Proceedings (<a href=\"http:\/\/ceur-ws.org\/Vol-1906\/\" target=\"_blank\" rel=\"noopener\"><span class=\"CEURVOLNR\">Vol-1906<\/span><\/a>). They\u00a0can also be downloaded <a href=\"http:\/\/www.ec.tuwien.ac.at\/rectour2017\/wp-content\/uploads\/2017\/08\/RecTour2017_Proceedings.pdf\" target=\"_blank\" rel=\"noopener\">here<\/a>\u00a0in a\u00a0single PDF file (6.5 MB).<\/p>\n","protected":false},"excerpt":{"rendered":"<p>Long Papers Enrico Palumbo, Giuseppe Rizzo, Rapha\u00ebl Troncy and Elena Baralis:\u00a0Predicting Your Next Stop-over from Location-based Social Network Data with Recurrent Neural Networks.\u00a0[Paper] [Slides] Victor Anthony Arrascue Ayala, Kemal Cagin G\u00fclsen, Anas Alzogbi, Michael F\u00e4rber, Marco Mu\u00f1iz and Georg Lausen:\u00a0A&#8230;<br \/><a class=\"read-more-button\" href=\"https:\/\/www.ec.tuwien.ac.at\/rectour2017\/accepted-papers\/\">Read more<\/a><\/p>\n","protected":false},"author":2,"featured_media":0,"parent":0,"menu_order":0,"comment_status":"closed","ping_status":"closed","template":"","meta":{"footnotes":""},"class_list":["post-101","page","type-page","status-publish","hentry"],"_links":{"self":[{"href":"https:\/\/www.ec.tuwien.ac.at\/rectour2017\/wp-json\/wp\/v2\/pages\/101","targetHints":{"allow":["GET"]}}],"collection":[{"href":"https:\/\/www.ec.tuwien.ac.at\/rectour2017\/wp-json\/wp\/v2\/pages"}],"about":[{"href":"https:\/\/www.ec.tuwien.ac.at\/rectour2017\/wp-json\/wp\/v2\/types\/page"}],"author":[{"embeddable":true,"href":"https:\/\/www.ec.tuwien.ac.at\/rectour2017\/wp-json\/wp\/v2\/users\/2"}],"replies":[{"embeddable":true,"href":"https:\/\/www.ec.tuwien.ac.at\/rectour2017\/wp-json\/wp\/v2\/comments?post=101"}],"version-history":[{"count":16,"href":"https:\/\/www.ec.tuwien.ac.at\/rectour2017\/wp-json\/wp\/v2\/pages\/101\/revisions"}],"predecessor-version":[{"id":200,"href":"https:\/\/www.ec.tuwien.ac.at\/rectour2017\/wp-json\/wp\/v2\/pages\/101\/revisions\/200"}],"wp:attachment":[{"href":"https:\/\/www.ec.tuwien.ac.at\/rectour2017\/wp-json\/wp\/v2\/media?parent=101"}],"curies":[{"name":"wp","href":"https:\/\/api.w.org\/{rel}","templated":true}]}}